{"id":164,"date":"2021-01-05T18:40:18","date_gmt":"2021-01-05T17:40:18","guid":{"rendered":"http:\/\/artigianodelsoftware.it\/sito\/?page_id=164"},"modified":"2022-07-07T00:00:44","modified_gmt":"2022-07-06T22:00:44","slug":"partnership","status":"publish","type":"page","link":"https:\/\/artigianodelsoftware.it\/sito\/partnership\/","title":{"rendered":"Partnership"},"content":{"rendered":"\n<hr class=\"wp-block-separator has-css-opacity is-style-wide\"\/>\n\n\n\n<figure class=\"wp-block-image size-large is-resized\"><img loading=\"lazy\" decoding=\"async\" src=\"https:\/\/artigianodelsoftware.it\/sito\/wp-content\/uploads\/2020\/12\/cropped-xcroppedimage700478-How-To-Improve-Cross-Team-Collaboration-6-Experts-Weigh-In.jpg.pagespeed.ic_.xNuZLt1QfU.jpg\" alt=\"\" class=\"wp-image-9\" width=\"1211\" height=\"324\" srcset=\"https:\/\/artigianodelsoftware.it\/sito\/wp-content\/uploads\/2020\/12\/cropped-xcroppedimage700478-How-To-Improve-Cross-Team-Collaboration-6-Experts-Weigh-In.jpg.pagespeed.ic_.xNuZLt1QfU.jpg 700w, https:\/\/artigianodelsoftware.it\/sito\/wp-content\/uploads\/2020\/12\/cropped-xcroppedimage700478-How-To-Improve-Cross-Team-Collaboration-6-Experts-Weigh-In.jpg.pagespeed.ic_.xNuZLt1QfU-300x80.jpg 300w\" sizes=\"auto, (max-width: 1211px) 100vw, 1211px\" \/><\/figure>\n\n\n\n<h4 class=\"wp-block-heading\">Il mondo \u00e8 sempre in movimento e per rimanere aggiornati occorre sempre aggiornarsi e connettersi con diverse realt\u00e0. Il buon Artigiano \u00e8 consapevole di questo punto e della sua importanza.  Per questo quotidianamente osserva, studia e contatta diverse aziende, sia nell&#8217;ecosistema Atlassian che fuori da tale ecosistema, e cerca di stipulare partnership per poter sempre garantire professionalit\u00e0, supporto e aiuto ai clienti. <\/h4>\n\n\n\n<p>In questa sezione troverete tutte le aziende con cui abbiamo stipulato accordi e con cui collaboriamo attivamente per realizzare sempre il meglio per i nostri clienti <\/p>\n\n\n<div id=\"flipbox-widget-337\" class=\"cfb_wrapper with-image flex-row\" data-flipboxid=\"flipbox-widget-337\"><div class=\"flex-col-md-4 cfb-box-1 cfb-box-wrapper\">\r\n                            <div class=\"flipbox-container cfb-layout-2 cfb-flip hover\" data-effect=\"y\" data-height=\"equal\" >\r\n                            <div class=\"flipbox-front-layout cfb-data\">\r\n                                <div class=\"flipbox-img\"><img decoding=\"async\" src=\"https:\/\/artigianodelsoftware.it\/sito\/wp-content\/uploads\/2022\/07\/digilac.jpeg\" alt=\"\" \/><\/div><\/div>\r\n                            <div class=\"flipbox-back-layout cfb-data\" style=\"background:#a0b0bf\">\r\n                            <h4>Digilac<\/h4>\r\n                                <p>Atlassian Partner in Svizzera<\/p><a target=\"_blank\" href=\"https:\/\/artigianodelsoftware.it\/sito\/digilac-3\/\" style=\"color:#a0b0bf\" class=\"back-layout-btn\">Dettagli<\/a><\/div>\r\n                            <\/div>\r\n                        <\/div><div class=\"flex-col-md-4 cfb-box-2 cfb-box-wrapper\">\r\n                            <div class=\"flipbox-container cfb-layout-2 cfb-flip hover\" data-effect=\"y\" data-height=\"equal\" >\r\n                            <div class=\"flipbox-front-layout cfb-data\">\r\n                                <div class=\"flipbox-img\"><img decoding=\"async\" src=\"https:\/\/artigianodelsoftware.it\/sito\/wp-content\/uploads\/2021\/07\/Meetical-Logo-Flat-With-Text-WhiteBG-w300.png\" alt=\"\" \/><\/div><\/div>\r\n                            <div class=\"flipbox-back-layout cfb-data\" style=\"background:#a0b0bf\">\r\n                            <h4>Meetical<\/h4>\r\n                                <p>Produttore di addon di Arlassian<\/p><a target=\"_blank\" href=\"https:\/\/artigianodelsoftware.it\/sito\/meetical\/\" style=\"color:#a0b0bf\" class=\"back-layout-btn\">Dettagli<\/a><\/div>\r\n                            <\/div>\r\n                        <\/div><div class=\"flex-col-md-4 cfb-box-3 cfb-box-wrapper\">\r\n                            <div class=\"flipbox-container cfb-layout-2 cfb-flip hover\" data-effect=\"y\" data-height=\"equal\" >\r\n                            <div class=\"flipbox-front-layout cfb-data\">\r\n                                <div class=\"flipbox-img\"><img decoding=\"async\" src=\"https:\/\/artigianodelsoftware.it\/sito\/wp-content\/uploads\/2023\/04\/image-6.png\" alt=\"\" \/><\/div><\/div>\r\n                            <div class=\"flipbox-back-layout cfb-data\" style=\"background:#a0b0bf\">\r\n                            <h4>Elements<\/h4>\r\n                                <p>Produttore di addon e ben conosciuto nell'ecosistema Atlassian, speciali...<\/p><a target=\"_blank\" href=\"https:\/\/artigianodelsoftware.it\/sito\/elements-4\/\" style=\"color:#a0b0bf\" class=\"back-layout-btn\">Dettagli<\/a><\/div>\r\n                            <\/div>\r\n                        <\/div><div class=\"flex-col-md-4 cfb-box-4 cfb-box-wrapper\">\r\n                            <div class=\"flipbox-container cfb-layout-2 cfb-flip hover\" data-effect=\"y\" data-height=\"equal\" >\r\n                            <div class=\"flipbox-front-layout cfb-data\">\r\n                                <div class=\"flipbox-img\"><img decoding=\"async\" src=\"https:\/\/artigianodelsoftware.it\/sito\/wp-content\/uploads\/2025\/01\/Logo-2.png\" alt=\"\" \/><\/div><\/div>\r\n                            <div class=\"flipbox-back-layout cfb-data\" style=\"background:#a0b0bf\">\r\n                            <h4>Warsaw Dynamics<\/h4>\r\n                                <p>Produttore addon dalla Polonia<\/p><a target=\"_blank\" href=\"https:\/\/artigianodelsoftware.it\/sito\/warsaw-dynamics\/\" style=\"color:#a0b0bf\" class=\"back-layout-btn\">Dettagli<\/a><\/div>\r\n                            <\/div>\r\n                        <\/div><div class=\"flex-col-md-4 cfb-box-5 cfb-box-wrapper\">\r\n                            <div class=\"flipbox-container cfb-layout-2 cfb-flip hover\" data-effect=\"y\" data-height=\"equal\" >\r\n                            <div class=\"flipbox-front-layout cfb-data\">\r\n                                <div class=\"flipbox-img\"><img decoding=\"async\" src=\"https:\/\/artigianodelsoftware.it\/sito\/wp-content\/uploads\/2022\/07\/K15t_Logo_CMYK_Vertical.png\" alt=\"\" \/><\/div><\/div>\r\n                            <div class=\"flipbox-back-layout cfb-data\" style=\"background:#a0b0bf\">\r\n                            <h4>k15t<\/h4>\r\n                                <p>Atlassian Platinum Solution Partner che produce addon interessantissimi<\/p><a target=\"_blank\" href=\"https:\/\/artigianodelsoftware.it\/sito\/k15t\/\" style=\"color:#a0b0bf\" class=\"back-layout-btn\">Dettagli<\/a><\/div>\r\n                            <\/div>\r\n                        <\/div><div class=\"flex-col-md-4 cfb-box-6 cfb-box-wrapper\">\r\n                            <div class=\"flipbox-container cfb-layout-2 cfb-flip hover\" data-effect=\"y\" data-height=\"equal\" >\r\n                            <div class=\"flipbox-front-layout cfb-data\">\r\n                                <div class=\"flipbox-img\"><img decoding=\"async\" src=\"https:\/\/artigianodelsoftware.it\/sito\/wp-content\/uploads\/2022\/08\/exalate.png\" alt=\"\" \/><\/div><\/div>\r\n                            <div class=\"flipbox-back-layout cfb-data\" style=\"background:#a0b0bf\">\r\n                            <h4>Exalate<\/h4>\r\n                                <p>Addon dedicato alla integrazione di Jira con altri Software<\/p><a target=\"_blank\" href=\"https:\/\/artigianodelsoftware.it\/sito\/exalate-3\/\" style=\"color:#a0b0bf\" class=\"back-layout-btn\">Maggiori Dettagli<\/a><\/div>\r\n                            <\/div>\r\n                        <\/div><div class=\"flex-col-md-4 cfb-box-7 cfb-box-wrapper\">\r\n                            <div class=\"flipbox-container cfb-layout-2 cfb-flip hover\" data-effect=\"y\" data-height=\"equal\" >\r\n                            <div class=\"flipbox-front-layout cfb-data\">\r\n                                <div class=\"flipbox-img\"><img decoding=\"async\" src=\"https:\/\/artigianodelsoftware.it\/sito\/wp-content\/uploads\/2025\/01\/everit-HU.png\" alt=\"\" \/><\/div><\/div>\r\n                            <div class=\"flipbox-back-layout cfb-data\" style=\"background:#a0b0bf\">\r\n                            <h4>EverIT<\/h4>\r\n                                <p>Addon per migliorare la propria produttivit\u00e0<\/p><a target=\"_blank\" href=\"https:\/\/artigianodelsoftware.it\/sito\/everit\/\" style=\"color:#a0b0bf\" class=\"back-layout-btn\">Maggiori dettagli<\/a><\/div>\r\n                            <\/div>\r\n                        <\/div><div class=\"flex-col-md-4 cfb-box-8 cfb-box-wrapper\">\r\n                            <div class=\"flipbox-container cfb-layout-2 cfb-flip hover\" data-effect=\"y\" data-height=\"equal\" >\r\n                            <div class=\"flipbox-front-layout cfb-data\">\r\n                                <div class=\"flipbox-img\"><img decoding=\"async\" src=\"https:\/\/artigianodelsoftware.it\/sito\/wp-content\/uploads\/2022\/07\/sevidev.jpg\" alt=\"\" \/><\/div><\/div>\r\n                            <div class=\"flipbox-back-layout cfb-data\" style=\"background:#a0b0bf\">\r\n                            <h4>Sevidev<\/h4>\r\n                                <p>Consulenza e sviluppo addon Atlassian<\/p><a target=\"_blank\" href=\"https:\/\/artigianodelsoftware.it\/sito\/sevidev\/\" style=\"color:#a0b0bf\" class=\"back-layout-btn\">Dettagli<\/a><\/div>\r\n                            <\/div>\r\n                        <\/div><div class=\"flex-col-md-4 cfb-box-9 cfb-box-wrapper\">\r\n                            <div class=\"flipbox-container cfb-layout-2 cfb-flip hover\" data-effect=\"y\" data-height=\"equal\" >\r\n                            <div class=\"flipbox-front-layout cfb-data\">\r\n                                <div class=\"flipbox-img\"><img decoding=\"async\" src=\"https:\/\/artigianodelsoftware.it\/sito\/wp-content\/uploads\/2025\/01\/appfire_logo.jpeg\" alt=\"\" \/><\/div><\/div>\r\n                            <div class=\"flipbox-back-layout cfb-data\" style=\"background:#a0b0bf\">\r\n                            <h4>Appfire<\/h4>\r\n                                <p>La pi\u00f9 grande banca dati di Addon dell'ecosistema Atlassian<\/p><a target=\"_blank\" href=\"https:\/\/artigianodelsoftware.it\/sito\/appfire\/\" style=\"color:#a0b0bf\" class=\"back-layout-btn\">Dettagli<\/a><\/div>\r\n                            <\/div>\r\n                        <\/div><div class=\"flex-col-md-4 cfb-box-10 cfb-box-wrapper\">\r\n                            <div class=\"flipbox-container cfb-layout-2 cfb-flip hover\" data-effect=\"y\" data-height=\"equal\" >\r\n                            <div class=\"flipbox-front-layout cfb-data\">\r\n                                <div class=\"flipbox-img\"><img decoding=\"async\" src=\"https:\/\/artigianodelsoftware.it\/sito\/wp-content\/uploads\/2022\/07\/ionos-premiu.png\" alt=\"\" \/><\/div><\/div>\r\n                            <div class=\"flipbox-back-layout cfb-data\" style=\"background:#a0b0bf\">\r\n                            <h4>Ionos<\/h4>\r\n                                <p>Hosting Europeo<\/p><\/div>\r\n                            <\/div>\r\n                        <\/div><div class=\"flex-col-md-4 cfb-box-11 cfb-box-wrapper\">\r\n                            <div class=\"flipbox-container cfb-layout-2 cfb-flip hover\" data-effect=\"y\" data-height=\"equal\" >\r\n                            <div class=\"flipbox-front-layout cfb-data\">\r\n                                <div class=\"flipbox-img\"><img decoding=\"async\" src=\"https:\/\/artigianodelsoftware.it\/sito\/wp-content\/uploads\/2026\/03\/Reliex_logo.png\" alt=\"\" \/><\/div><\/div>\r\n                            <div class=\"flipbox-back-layout cfb-data\" style=\"background:#a0b0bf\">\r\n                            <h4>Relix<\/h4>\r\n                                <p>Atlassian Marketplace Partner<\/p><a target=\"_blank\" href=\"https:\/\/artigianodelsoftware.it\/sito\/relix\/\" style=\"color:#a0b0bf\" class=\"back-layout-btn\">Dettagli<\/a><\/div>\r\n                            <\/div>\r\n                        <\/div><\/div>\n\n\n\n<hr class=\"wp-block-separator has-css-opacity is-style-wide\"\/>\n","protected":false},"excerpt":{"rendered":"<p>Il mondo \u00e8 sempre in movimento e per rimanere aggiornati occorre sempre aggiornarsi e connettersi con diverse realt\u00e0. Il buon Artigiano \u00e8 consapevole di questo punto e della sua importanza. Per questo quotidianamente osserva, studia e contatta diverse aziende, sia<\/p>\n","protected":false},"author":1,"featured_media":0,"parent":0,"menu_order":0,"comment_status":"closed","ping_status":"closed","template":"","meta":{"footnotes":""},"class_list":["post-164","page","type-page","status-publish","hentry"],"_links":{"self":[{"href":"https:\/\/artigianodelsoftware.it\/sito\/wp-json\/wp\/v2\/pages\/164","targetHints":{"allow":["GET"]}}],"collection":[{"href":"https:\/\/artigianodelsoftware.it\/sito\/wp-json\/wp\/v2\/pages"}],"about":[{"href":"https:\/\/artigianodelsoftware.it\/sito\/wp-json\/wp\/v2\/types\/page"}],"author":[{"embeddable":true,"href":"https:\/\/artigianodelsoftware.it\/sito\/wp-json\/wp\/v2\/users\/1"}],"replies":[{"embeddable":true,"href":"https:\/\/artigianodelsoftware.it\/sito\/wp-json\/wp\/v2\/comments?post=164"}],"version-history":[{"count":16,"href":"https:\/\/artigianodelsoftware.it\/sito\/wp-json\/wp\/v2\/pages\/164\/revisions"}],"predecessor-version":[{"id":348,"href":"https:\/\/artigianodelsoftware.it\/sito\/wp-json\/wp\/v2\/pages\/164\/revisions\/348"}],"wp:attachment":[{"href":"https:\/\/artigianodelsoftware.it\/sito\/wp-json\/wp\/v2\/media?parent=164"}],"curies":[{"name":"wp","href":"https:\/\/api.w.org\/{rel}","templated":true}]}}