{"id":28,"date":"2020-12-27T14:57:56","date_gmt":"2020-12-27T13:57:56","guid":{"rendered":"http:\/\/artigianodelsoftware.it\/sito\/?page_id=28"},"modified":"2021-01-04T01:28:37","modified_gmt":"2021-01-04T00:28:37","slug":"database","status":"publish","type":"page","link":"https:\/\/artigianodelsoftware.it\/sito\/database\/","title":{"rendered":"Database"},"content":{"rendered":"\n<div class=\"wp-block-image\"><figure class=\"aligncenter is-resized\"><img loading=\"lazy\" decoding=\"async\" src=\"https:\/\/www.cloudtalk.it\/wp-content\/uploads\/2015\/05\/database.png\" alt=\"Top 10 Enterprise Database per il 2015 - parte 1 - CloudTalk.it\" width=\"1053\" height=\"548\"\/><\/figure><\/div>\n\n\n\n<p>Ho sempre lavorato con i Database e non credo che smetter\u00e0 di farlo nel breve tempo. Con il tempo la mia esperienza \u00e8 aumentata. L&#8217;utilizzo dei prodotti Atlassian ha affinato ulteriormente la mia preparazione su tali prodotti.<\/p>\n\n\n\n<div class=\"wp-block-columns is-layout-flex wp-container-core-columns-is-layout-28f84493 wp-block-columns-is-layout-flex\">\n<div class=\"wp-block-column is-layout-flow wp-block-column-is-layout-flow\">\n<figure class=\"wp-block-image\"><img decoding=\"async\" src=\"https:\/\/www.crayon.com\/globalassets\/images\/partnerlogos\/oracle-whitespace.png\" alt=\"Oracle Specialised Platinum Partner &amp; Added Value Reseller - Crayon\"\/><\/figure>\n\n\n\n<p>Il pi\u00f9 famoso, il pi\u00f9 importante al mondo: Oracle \u00e8 sicuramente il database per definizione. In ambito Corporate, \u00e8 il database che utilizza per realizzare applicativi che gestiscono miliardi di informazioni. Con il suo potente linguaggio PL-SQL, consente di poter eseguire calcoli ed elaborazioni di dati come non mai. Dal 2003 sviluppo Stored Procedure con la stessa passione di sempre, mettendo il mio ingegno come un buon artigiano realizza le sue opere uniche.<\/p>\n<\/div>\n\n\n\n<div class=\"wp-block-column is-layout-flow wp-block-column-is-layout-flow\">\n<div class=\"wp-block-image\"><figure class=\"aligncenter\"><img decoding=\"async\" src=\"https:\/\/encrypted-tbn0.gstatic.com\/images?q=tbn:ANd9GcQqjFr6fp3HkvnkCyDHIgPb3_GLvrcpCakz4Q&amp;usqp=CAU\" alt=\"MySQL Workbench Database MySQL Cluster - altri 1200*630 Png trasparente  Scarica gratis - Testo, Logo, Linea.\"\/><\/figure><\/div>\n\n\n\n<p>MySQL \u00e8 il database Open Source pi\u00f9 diffuso al mondo. E&#8217; il pi\u00f9 usato in ambito web, per realizzare siti web semplici e complessi. Con il tempo si \u00e8 trasformato da semplice contenitore di dati a sofisticato database. Usato in quasi tutte le soluzioni Web, non manca mai di soprendere i suoi utilizzatori con le sue prestazioni, la sua semplicit\u00e0 e la sua potenza.<\/p>\n<\/div>\n<\/div>\n\n\n\n<hr class=\"wp-block-separator is-style-wide\"\/>\n\n\n\n<div class=\"wp-block-columns is-layout-flex wp-container-core-columns-is-layout-28f84493 wp-block-columns-is-layout-flex\">\n<div class=\"wp-block-column is-layout-flow wp-block-column-is-layout-flow\">\n<div class=\"wp-block-image\"><figure class=\"aligncenter size-large\"><img loading=\"lazy\" decoding=\"async\" width=\"367\" height=\"137\" src=\"https:\/\/artigianodelsoftware.it\/sito\/wp-content\/uploads\/2021\/01\/image-11.png\" alt=\"At 22 years old, Postgres might just be the most advanced database yet\" class=\"wp-image-145\" srcset=\"https:\/\/artigianodelsoftware.it\/sito\/wp-content\/uploads\/2021\/01\/image-11.png 367w, https:\/\/artigianodelsoftware.it\/sito\/wp-content\/uploads\/2021\/01\/image-11-300x112.png 300w\" sizes=\"auto, (max-width: 367px) 100vw, 367px\" \/><\/figure><\/div>\n\n\n\n<p>PostgreSQL \u00e8 il database open pi\u00f9 completo. In questo confronto emerge come, con sapiente lavoro, i realizzatori di Postgresql hanno realizzato un prodotto open che si confronta con avversari del calibro di Oracle. Dispone di un suo linguaggio interno, per realizzare Stored Procedure: PL-pgSQL, simile al PL-SQL di Oracle. Questo consente, a chi conosce bene Oracle, di poter usare anche PostgreSQL.<\/p>\n<\/div>\n\n\n\n<div class=\"wp-block-column is-layout-flow wp-block-column-is-layout-flow\">\n<div class=\"wp-block-image\"><figure class=\"aligncenter is-resized\"><img loading=\"lazy\" decoding=\"async\" src=\"https:\/\/www.beantech.it\/wp-content\/uploads\/2019\/11\/sqlserver.png\" alt=\"Microsoft SQL Server | beanTech\" width=\"355\" height=\"130\"\/><\/figure><\/div>\n\n\n\n<p>MS SQL Server \u00e8 il database targato Microsoft. Evolutosi nel corso degli anni, ha raggiunto se non superato le prestazioni di Oracle nella elaborazione e gestiore dei dati. Con il suo T-SQL, consente la realizzazione di procedure in maniera semplice e veloce, consentendo di raggiungere un livello non indifferente.<\/p>\n<\/div>\n<\/div>\n\n\n\n<hr class=\"wp-block-separator is-style-wide\"\/>\n\n\n\n<div class=\"wp-block-columns is-layout-flex wp-container-core-columns-is-layout-28f84493 wp-block-columns-is-layout-flex\">\n<div class=\"wp-block-column is-layout-flow wp-block-column-is-layout-flow\">\n<div class=\"wp-block-image\"><figure class=\"aligncenter is-resized\"><img loading=\"lazy\" decoding=\"async\" src=\"https:\/\/upload.wikimedia.org\/wikipedia\/commons\/thumb\/3\/38\/SQLite370.svg\/1200px-SQLite370.svg.png\" alt=\"SQLite - Wikipedia\" width=\"254\" height=\"120\"\/><\/figure><\/div>\n\n\n\n<p>Non dimentichiamo SQLite, sicuramente il piu famoso di tutti i database. Anche se fondamentalmente si tratta di un contenitore di dati, che non presenta alcun sistema di programmazione interna, \u00e8 sicuramente il database pi\u00f9 diffuso al mondo, per la sua semplicit\u00e0 di utilizzo, versatilit\u00e0 e potenza. Ho avuto modo di poter sperimentarne il funzionamento arrivando a memorizzare milioni di record su database SQLite e riuscendo, in pochi secondi, ad eseguire delle interrogazioni su qtale mole di dati.<\/p>\n<\/div>\n\n\n\n<div class=\"wp-block-column is-layout-flow wp-block-column-is-layout-flow\">\n<div class=\"wp-block-image\"><figure class=\"aligncenter is-resized\"><img loading=\"lazy\" decoding=\"async\" src=\"https:\/\/ourcodeworld.com\/public-media\/articles\/articleocw-5d78ebb022d1e.webp\" alt=\"Using the NoSQL Database Example | Our Code World\" width=\"232\" height=\"115\"\/><\/figure><\/div>\n\n\n\n<p>NOSQL: Il futuro. Si tratta di una nuova frontiera, tutta da scoprire per il Buon Artigiano ma che sono sicuro non mancher\u00e0 di riservare sorprese belle e mirabolanti..<\/p>\n<\/div>\n<\/div>\n","protected":false},"excerpt":{"rendered":"<p>Ho sempre lavorato con i Database e non credo che smetter\u00e0 di farlo nel breve tempo. Con il tempo la mia esperienza \u00e8 aumentata. L&#8217;utilizzo dei prodotti Atlassian ha affinato ulteriormente la mia preparazione su tali prodotti. Il pi\u00f9 famoso,<\/p>\n","protected":false},"author":1,"featured_media":0,"parent":0,"menu_order":0,"comment_status":"closed","ping_status":"closed","template":"","meta":{"footnotes":""},"class_list":["post-28","page","type-page","status-publish","hentry"],"_links":{"self":[{"href":"https:\/\/artigianodelsoftware.it\/sito\/wp-json\/wp\/v2\/pages\/28","targetHints":{"allow":["GET"]}}],"collection":[{"href":"https:\/\/artigianodelsoftware.it\/sito\/wp-json\/wp\/v2\/pages"}],"about":[{"href":"https:\/\/artigianodelsoftware.it\/sito\/wp-json\/wp\/v2\/types\/page"}],"author":[{"embeddable":true,"href":"https:\/\/artigianodelsoftware.it\/sito\/wp-json\/wp\/v2\/users\/1"}],"replies":[{"embeddable":true,"href":"https:\/\/artigianodelsoftware.it\/sito\/wp-json\/wp\/v2\/comments?post=28"}],"version-history":[{"count":2,"href":"https:\/\/artigianodelsoftware.it\/sito\/wp-json\/wp\/v2\/pages\/28\/revisions"}],"predecessor-version":[{"id":146,"href":"https:\/\/artigianodelsoftware.it\/sito\/wp-json\/wp\/v2\/pages\/28\/revisions\/146"}],"wp:attachment":[{"href":"https:\/\/artigianodelsoftware.it\/sito\/wp-json\/wp\/v2\/media?parent=28"}],"curies":[{"name":"wp","href":"https:\/\/api.w.org\/{rel}","templated":true}]}}