{"id":37,"date":"2020-12-27T22:38:34","date_gmt":"2020-12-27T21:38:34","guid":{"rendered":"http:\/\/artigianodelsoftware.it\/sito\/?page_id=37"},"modified":"2021-01-16T11:44:58","modified_gmt":"2021-01-16T10:44:58","slug":"artigiano-del-software","status":"publish","type":"page","link":"https:\/\/artigianodelsoftware.it\/sito\/","title":{"rendered":"Artigiano del Software"},"content":{"rendered":"\n<div class=\"alignnormal\"><div id=\"metaslider-id-38\" style=\"width: 100%; margin: 0 auto;\" class=\"ml-slider-3-96-0 metaslider metaslider-flex metaslider-38 ml-slider ms-theme-default\" role=\"region\" aria-roledescription=\"Slideshow\" aria-label=\"Home Page\">\n    <div id=\"metaslider_container_38\">\n        <div id=\"metaslider_38\" class=\"flexslider\">\n            <ul class='slides'>\n                <li style=\"display: block; width: 100%;\" class=\"slide-40 ms-image \" aria-roledescription=\"slide\" aria-label=\"slide-40\" data-date=\"2020-12-27 22:35:19\"><img loading=\"lazy\" decoding=\"async\" src=\"https:\/\/artigianodelsoftware.it\/sito\/wp-content\/uploads\/2021\/01\/slide-1-900x300.jpg\" height=\"300\" width=\"900\" alt=\"\" class=\"slider-38 slide-40\" title=\"slide-1\" \/><div class=\"caption-wrap\"><div class=\"caption\">La cura di un artigiano e la tecnologia pi\u00f9 moderna per le tue necessit\u00e0 <\/div><\/div><\/li>\n                <li style=\"display: none; width: 100%;\" class=\"slide-42 ms-image \" aria-roledescription=\"slide\" aria-label=\"slide-42\" data-date=\"2020-12-27 22:35:52\"><img loading=\"lazy\" decoding=\"async\" src=\"https:\/\/artigianodelsoftware.it\/sito\/wp-content\/uploads\/2020\/12\/help_ai1-600x200.jpg\" height=\"300\" width=\"900\" alt=\"\" class=\"slider-38 slide-42\" title=\"help_ai1\" \/><div class=\"caption-wrap\"><div class=\"caption\">Ti aiutiamo a migliorare il tuo Business<\/div><\/div><\/li>\n                <li style=\"display: none; width: 100%;\" class=\"slide-48 ms-image \" aria-roledescription=\"slide\" aria-label=\"slide-48\" data-date=\"2020-12-27 22:36:36\"><img loading=\"lazy\" decoding=\"async\" src=\"https:\/\/artigianodelsoftware.it\/sito\/wp-content\/uploads\/2020\/12\/images-1-278x92.jpeg\" height=\"300\" width=\"900\" alt=\"\" class=\"slider-38 slide-48\" title=\"images (1)\" \/><div class=\"caption-wrap\"><div class=\"caption\">Passione per il lavoro<\/div><\/div><\/li>\n                <li style=\"display: none; width: 100%;\" class=\"slide-49 ms-image \" aria-roledescription=\"slide\" aria-label=\"slide-49\" data-date=\"2020-12-27 22:36:36\"><img loading=\"lazy\" decoding=\"async\" src=\"https:\/\/artigianodelsoftware.it\/sito\/wp-content\/uploads\/2020\/12\/laptop-336378_1280-desk-1-900x300.jpg\" height=\"300\" width=\"900\" alt=\"\" class=\"slider-38 slide-49\" title=\"laptop-336378_1280-desk\" \/><div class=\"caption-wrap\"><div class=\"caption\">La tua soluzione personalizzata.<\/div><\/div><\/li>\n                <li style=\"display: none; width: 100%;\" class=\"slide-50 ms-image \" aria-roledescription=\"slide\" aria-label=\"slide-50\" data-date=\"2020-12-27 22:36:36\"><img loading=\"lazy\" decoding=\"async\" src=\"https:\/\/artigianodelsoftware.it\/sito\/wp-content\/uploads\/2021\/04\/Schermata-2021-04-28-alle-13.41.29-694x231.png\" height=\"300\" width=\"900\" alt=\"\" class=\"slider-38 slide-50\" title=\"Schermata 2021-04-28 alle 13.41.29\" \/><div class=\"caption-wrap\"><div class=\"caption\">MrAddon &amp; Artigiano del Software - La sinergia vincente<\/div><\/div><\/li>\n                <li style=\"display: none; width: 100%;\" class=\"slide-52 ms-image \" aria-roledescription=\"slide\" aria-label=\"slide-52\" data-date=\"2020-12-27 22:36:36\"><a href=\"httos:\/\/www.artigianodelsoftware.it\/blog\" target=\"_self\" class=\"metaslider_image_link\"><img loading=\"lazy\" decoding=\"async\" src=\"https:\/\/artigianodelsoftware.it\/sito\/wp-content\/uploads\/2020\/12\/utenti-900x300.jpg\" height=\"300\" width=\"900\" alt=\"\" class=\"slider-38 slide-52\" title=\"utenti\" \/><\/a><div class=\"caption-wrap\"><div class=\"caption\">Blog Italiano dedicato ai prodotti Atlassian<\/div><\/div><\/li>\n            <\/ul>\n        <\/div>\n        \n    <\/div>\n<\/div><\/div>\n\n\n\n<hr class=\"wp-block-separator alignfull is-style-wide\"\/>\n\n\n\n<h1 class=\"has-text-align-center wp-block-heading\">Servizi offerti da <strong>Artigiano Del Software<\/strong><\/h1>\n\n\n\n<div class=\"wp-block-columns is-layout-flex wp-container-core-columns-is-layout-28f84493 wp-block-columns-is-layout-flex\">\n<div class=\"wp-block-column is-layout-flow wp-block-column-is-layout-flow\">\n<figure class=\"wp-block-image\"><a href=\"https:\/\/artigianodelsoftware.it\/sito\/atlassian\/\"><img decoding=\"async\" src=\"https:\/\/thumbs.dreamstime.com\/b\/atlassian-logo-silicon-valley-headquarters-australian-multinational-enterprise-software-company-mountain-view-california-usa-171171967.jpg\" alt=\"Atlassian Logo At Silicon Valley Headquarters An Australian Multinational  Enterprise Software Company Editorial Photography - Image of computer,  information: 171171967\"\/><\/a><\/figure>\n\n\n\n<h4 class=\"has-text-align-center wp-block-heading\">Silver Partner Atlassian<\/h4>\n<\/div>\n\n\n\n<div class=\"wp-block-column is-layout-flow wp-block-column-is-layout-flow\">\n<figure class=\"wp-block-image\"><a href=\"consulenza\"><img decoding=\"async\" src=\"https:\/\/artigianodelsoftware.it\/sito\/wp-content\/uploads\/2020\/12\/xcroppedimage700478-How-To-Improve-Cross-Team-Collaboration-6-Experts-Weigh-In.jpg.pagespeed.ic_.xNuZLt1QfU.jpg\" alt=\"Questa immagine ha l'attributo alt vuoto; il nome del file \u00e8 xcroppedimage700478-How-To-Improve-Cross-Team-Collaboration-6-Experts-Weigh-In.jpg.pagespeed.ic_.xNuZLt1QfU.jpg\"\/><\/a><\/figure>\n\n\n\n<h4 class=\"has-text-align-center wp-block-heading\">Servizi di consulenza<\/h4>\n<\/div>\n\n\n\n<div class=\"wp-block-column is-layout-flow wp-block-column-is-layout-flow\">\n<figure class=\"wp-block-image\"><a href=\"https:\/\/artigianodelsoftware.it\/sito\/corsi\/\"><img decoding=\"async\" src=\"https:\/\/artigianodelsoftware.it\/sito\/wp-content\/uploads\/2020\/12\/utenti-1024x683.jpg\" alt=\"Questa immagine ha l'attributo alt vuoto; il nome del file \u00e8 utenti-1024x683.jpg\"\/><\/a><\/figure>\n\n\n\n<h4 class=\"has-text-align-center wp-block-heading\">Corsi &amp; Training<\/h4>\n<\/div>\n<\/div>\n\n\n\n<div class=\"wp-block-columns is-layout-flex wp-container-core-columns-is-layout-28f84493 wp-block-columns-is-layout-flex\">\n<div class=\"wp-block-column is-layout-flow wp-block-column-is-layout-flow\">\n<div class=\"wp-block-image is-style-default\"><figure class=\"aligncenter\"><a href=\"https:\/\/artigianodelsoftware.it\/sito\/partnership\/\"><img decoding=\"async\" src=\"https:\/\/www.thebluediamondgallery.com\/typewriter\/images\/partnership.jpg\" alt=\"Legal Consequences of Admission or Retirement of a Partner\"\/><\/a><\/figure><\/div>\n\n\n\n<h4 class=\"alignfull has-text-align-center wp-block-heading\">Le partnership stipulate<\/h4>\n<\/div>\n\n\n\n<div class=\"wp-block-column is-layout-flow wp-block-column-is-layout-flow\">\n<div class=\"wp-block-image\"><figure class=\"aligncenter is-resized\"><a href=\"https:\/\/artigianodelsoftware.it\/sito\/database\/\"><img loading=\"lazy\" decoding=\"async\" src=\"http:\/\/artigianodelsoftware.it\/images\/database-admin.jpg\" alt=\"Wanderer\" width=\"345\" height=\"260\"\/><\/a><\/figure><\/div>\n\n\n\n<h4 class=\"has-text-align-center wp-block-heading\">Servizi su Database<\/h4>\n<\/div>\n\n\n\n<div class=\"wp-block-column is-layout-flow wp-block-column-is-layout-flow\">\n<div class=\"wp-block-image\"><figure class=\"aligncenter is-resized\"><a href=\"Ubuntu\"><img loading=\"lazy\" decoding=\"async\" src=\"http:\/\/artigianodelsoftware.it\/images\/ubuntu.jpg\" alt=\"Questa immagine ha l'attributo alt vuoto; il nome del file \u00e8 ubuntu.jpg\" width=\"348\" height=\"261\"\/><\/a><\/figure><\/div>\n\n\n\n<h4 class=\"has-text-align-center wp-block-heading\">Linux Ubuntu<\/h4>\n<\/div>\n<\/div>\n\n\n\n<hr class=\"wp-block-separator is-style-wide\"\/>\n\n\n\n<h2 class=\"has-text-align-center wp-block-heading\">Statistiche Artigiane<\/h2>\n\n\n\n<style>\r\n\r\n#wpsm_counter_b_row_83 .wpsm_counterbox\r\n{\r\n\ttext-align:center;\r\n\tmargin-top:50px;\r\n\tmargin-bottom:50px;\r\n}\r\n#wpsm_counter_b_row_83 .wpsm_counterbox .wpsm_count-icon{\r\n\tdisplay:block;\r\n\tmargin-top:20px;\r\n\tpadding-top:0px;\r\n\tpadding-bottom:0px;\r\n\tmargin-bottom:0px;\r\n\tmargin:0 auto;\r\n}\r\n#wpsm_counter_b_row_83 .wpsm_counterbox .wpsm_count-icon i{\r\n\tfont-size:40px;\r\n\tcolor:#000000;\r\n}\r\n#wpsm_counter_b_row_83 .wpsm_counterbox .wpsm_number{\r\n\tfont-size:30px;\r\n\tfont-weight:500;\r\n\tcolor:#000000;\r\n\tfont-family:'Open Sans';\r\n\tletter-spacing:2px;\r\n\tmargin-top:20px;\r\n\tline-height: 1.3em;\r\n\tpadding-top:0px;\r\n\tpadding-bottom:0px;\r\n\tmargin-bottom:0px;\r\n}\r\n#wpsm_counter_b_row_83 .wpsm_counterbox .wpsm_count-title{\r\n    font-size:25px;\r\n\tfont-weight:bolder;\r\n\tfont-family:'Open Sans';\r\n\tletter-spacing:2px;\r\n    color: #000000;\r\n\tfont-weight:500;\r\n\tmargin-top:20px;\r\n\tpadding-top:0px;\r\n\tpadding-bottom:0px;\r\n\tmargin-bottom:0px;\r\n\tline-height: 1.3em;\r\n}\r\n\r\n<\/style> \r\n\t\t \r\n\t\t\r\n\t\t<style>\r\n\t\t#wpsm_counter_b_row_83\t\t\t{\r\n\t\t\t\t\r\n\t\t\t\tposition:relative;\r\n\t\t\t\twidth:100%;\r\n\t\t\t\toverflow:hidden;\r\n\t\t\t\ttext-align:center;\r\n\t\t\t}\r\n\t\t\t \r\n\t\t\t#wpsm_counter_b_row_83 .wpsm_row{\r\n\t\t\toverflow:hidden;\r\n\t\t\tdisplay:block;\r\n\t\t\twidth:100%;\r\n\t\t\t} \r\n\t\t\t \r\n\t\t\t#wpsm_counter_b_row_83 .wpsm_row{\r\n\t\t\toverflow:visible;\r\n\t\t\t} \r\n\t\t\t \r\n\t\t\t#wpsm_counter_b_row_83 .wpsm_counterbox .wpsm_count-title{\r\n\t\t\tmin-height:56px;\r\n\t\t\t}}\r\n\t\t\t \r\n\t\t<\/style>\r\n\t\t\r\n\t\t<div class=\"wpsm_counter_b_row\" id=\"wpsm_counter_b_row_83\">\r\n\t\t\t<div>\r\n\t\t\t\t<div class=\"wpsm_row\">\r\n\t\t\r\n\t\t\t\t\t\t<div class=\"wpsm_col-md-4 wpsm_col-sm-6\">\r\n\t\t\t\t\t<div class=\"wpsm_counterbox\">\r\n\t\t\t\t\t\t \r\n\t\t\t\t\t\t<div class=\"wpsm_count-icon\"><i #000000 class=\"fa fa-area-chart\"><\/i><\/div>\r\n\t\t\t\t\t\t\t\t\t\t\t\t<div class=\"wpsm_number\" style=\"#000000\" >\r\n\t\t\t\t\t\t   <span class=\"counter\">11\t\t\t\t\t\t   <\/span>\r\n\t\t\t\t\t\t    \r\n\t\t\t\t\t    <\/div>\r\n\t\t\t\t\t\t<h3 class=\"wpsm_count-title\" #000000> Anni di esercizio<\/h3>\r\n\t\t\t\t\t\t \r\n\t\t\t\t\t<\/div>\r\n\t\t\t\t<\/div>\r\n\t\t\t\t\t\t\t\t\t<div class=\"wpsm_col-md-4 wpsm_col-sm-6\">\r\n\t\t\t\t\t<div class=\"wpsm_counterbox\">\r\n\t\t\t\t\t\t \r\n\t\t\t\t\t\t<div class=\"wpsm_count-icon\"><i #000000 class=\"fa fa-users\"><\/i><\/div>\r\n\t\t\t\t\t\t\t\t\t\t\t\t<div class=\"wpsm_number\" style=\"#000000\" >\r\n\t\t\t\t\t\t   <span class=\"counter\">2500\t\t\t\t\t\t   <\/span>\r\n\t\t\t\t\t\t    \r\n\t\t\t\t\t    <\/div>\r\n\t\t\t\t\t\t<h3 class=\"wpsm_count-title\" #000000> Utenti<\/h3>\r\n\t\t\t\t\t\t \r\n\t\t\t\t\t<\/div>\r\n\t\t\t\t<\/div>\r\n\t\t\t\t\t\t\t\t\t<div class=\"wpsm_col-md-4 wpsm_col-sm-6\">\r\n\t\t\t\t\t<div class=\"wpsm_counterbox\">\r\n\t\t\t\t\t\t \r\n\t\t\t\t\t\t<div class=\"wpsm_count-icon\"><i #000000 class=\"fa fa-archive\"><\/i><\/div>\r\n\t\t\t\t\t\t\t\t\t\t\t\t<div class=\"wpsm_number\" style=\"#000000\" >\r\n\t\t\t\t\t\t   <span class=\"counter\">37\t\t\t\t\t\t   <\/span>\r\n\t\t\t\t\t\t    \r\n\t\t\t\t\t    <\/div>\r\n\t\t\t\t\t\t<h3 class=\"wpsm_count-title\" #000000> Progetti in corso<\/h3>\r\n\t\t\t\t\t\t \r\n\t\t\t\t\t<\/div>\r\n\t\t\t\t<\/div>\r\n\t\t\t\t\t\t<\/div>\r\n\t\t\t<div class=\"wpsm_row\">\r\n\t\t\t\t\t\t\t\t<div class=\"wpsm_col-md-4 wpsm_col-sm-6\">\r\n\t\t\t\t\t<div class=\"wpsm_counterbox\">\r\n\t\t\t\t\t\t \r\n\t\t\t\t\t\t<div class=\"wpsm_count-icon\"><i #000000 class=\"fa fa-file-powerpoint-o\"><\/i><\/div>\r\n\t\t\t\t\t\t\t\t\t\t\t\t<div class=\"wpsm_number\" style=\"#000000\" >\r\n\t\t\t\t\t\t   <span class=\"counter\">966\t\t\t\t\t\t   <\/span>\r\n\t\t\t\t\t\t    \r\n\t\t\t\t\t    <\/div>\r\n\t\t\t\t\t\t<h3 class=\"wpsm_count-title\" #000000> Blog Post Pubblicati<\/h3>\r\n\t\t\t\t\t\t \r\n\t\t\t\t\t<\/div>\r\n\t\t\t\t<\/div>\r\n\t\t\t\t\t\t\t\t\t<div class=\"wpsm_col-md-4 wpsm_col-sm-6\">\r\n\t\t\t\t\t<div class=\"wpsm_counterbox\">\r\n\t\t\t\t\t\t \r\n\t\t\t\t\t\t<div class=\"wpsm_count-icon\"><i #000000 class=\"fa fa-certificate\"><\/i><\/div>\r\n\t\t\t\t\t\t\t\t\t\t\t\t<div class=\"wpsm_number\" style=\"#000000\" >\r\n\t\t\t\t\t\t   <span class=\"counter\">7\t\t\t\t\t\t   <\/span>\r\n\t\t\t\t\t\t    \r\n\t\t\t\t\t    <\/div>\r\n\t\t\t\t\t\t<h3 class=\"wpsm_count-title\" #000000> Certificazioni Atlassian Intero TEAM<\/h3>\r\n\t\t\t\t\t\t \r\n\t\t\t\t\t<\/div>\r\n\t\t\t\t<\/div>\r\n\t\t\t\t\t\t\t\t\t<div class=\"wpsm_col-md-4 wpsm_col-sm-6\">\r\n\t\t\t\t\t<div class=\"wpsm_counterbox\">\r\n\t\t\t\t\t\t \r\n\t\t\t\t\t\t<div class=\"wpsm_count-icon\"><i #000000 class=\"fa fa-linux\"><\/i><\/div>\r\n\t\t\t\t\t\t\t\t\t\t\t\t<div class=\"wpsm_number\" style=\"#000000\" >\r\n\t\t\t\t\t\t   <span class=\"counter\">6\t\t\t\t\t\t   <\/span>\r\n\t\t\t\t\t\t    \r\n\t\t\t\t\t    <\/div>\r\n\t\t\t\t\t\t<h3 class=\"wpsm_count-title\" #000000> Distro Linux conosciute<\/h3>\r\n\t\t\t\t\t\t \r\n\t\t\t\t\t<\/div>\r\n\t\t\t\t<\/div>\r\n\t\t\t\t\t\t<\/div>\r\n\t\t\t<div class=\"wpsm_row\">\r\n\t\t\t\t\t\t\t\t<div class=\"wpsm_col-md-4 wpsm_col-sm-6\">\r\n\t\t\t\t\t<div class=\"wpsm_counterbox\">\r\n\t\t\t\t\t\t \r\n\t\t\t\t\t\t<div class=\"wpsm_count-icon\"><i #000000 class=\"fa fa-certificate\"><\/i><\/div>\r\n\t\t\t\t\t\t\t\t\t\t\t\t<div class=\"wpsm_number\" style=\"#000000\" >\r\n\t\t\t\t\t\t   <span class=\"counter\">2\t\t\t\t\t\t   <\/span>\r\n\t\t\t\t\t\t    \r\n\t\t\t\t\t    <\/div>\r\n\t\t\t\t\t\t<h3 class=\"wpsm_count-title\" #000000> Badge Atlassian<\/h3>\r\n\t\t\t\t\t\t \r\n\t\t\t\t\t<\/div>\r\n\t\t\t\t<\/div>\r\n\t\t\t\t\t\t\t\r\n\t\t\t<\/div>\t\t\t\t<\/div>\r\n\t\t<\/div>\r\n\t\t\r\n\t\n\n\n\n<hr class=\"wp-block-separator is-style-wide\"\/>\n\n\n\n<h2 class=\"has-text-align-center wp-block-heading\">Blog &amp; pubblicazioni<\/h2>\n\n\n\n<div class=\"wp-block-columns is-layout-flex wp-container-core-columns-is-layout-28f84493 wp-block-columns-is-layout-flex\">\n<div class=\"wp-block-column is-layout-flow wp-block-column-is-layout-flow\" style=\"flex-basis:33.33%\">\n<div class=\"wp-block-image\"><figure class=\"aligncenter size-large\"><img loading=\"lazy\" decoding=\"async\" width=\"300\" height=\"291\" src=\"https:\/\/artigianodelsoftware.it\/sito\/wp-content\/uploads\/2020\/12\/carpenters.png\" alt=\"\" class=\"wp-image-5\"\/><figcaption>Il logo che ho scelto<\/figcaption><\/figure><\/div>\n<\/div>\n\n\n\n<div class=\"wp-block-column is-layout-flow wp-block-column-is-layout-flow\" style=\"flex-basis:66.66%\">\n<p>Dal 2013 ho creato un BLOG, dedicato prevalentemente ai prodotti della Atlassian. Il mio obiettivo \u00e8 di estendere la conoscenza di tali prodotti nello scenario italiano. Purtroppo tutta la documentazione \u00e8 solo in inglese e questo pu\u00f2 pregiudicarne la diffusione. In altre occasioni, invece, \u00e8 il cattivo uso dei prodotti che rende poca giustizia alle funzionalit\u00e0 offerte. Ritengo che scrivere in italiano aiuti tutti coloro che pur volendo approfondire l&#8217;argomento, non riescono a penetrare la cortina serratissima della lingua inglese.<\/p>\n\n\n\n<p>Fornisco anche indicazioni per migliorare l&#8217;uso di questi prodotti, utilizzando al meglio ci\u00f2 che possono offrire, sia dal punto di vista delle funzionalit\u00e0 standard, che attraverso componenti gi\u00e0 pronti all&#8217;uso. Molto spesso, in ambito IT, l&#8217;errore pi\u00f9 comune \u00e8 quello di creare la ruota quando esiste gi\u00e0 da un pezzo. Ritengo utile, a questo proposito, l&#8217;esempio del buon artigiano che, con arte, sa utilizzare ci\u00f2 che si ha a disposizione. Ovviamente \u00e8 necessario far si che la tecnologia esistente sia valido strumento di supporto per il nostro lavoro.<\/p>\n<\/div>\n<\/div>\n\n\n\n<div class=\"wp-block-columns is-layout-flex wp-container-core-columns-is-layout-28f84493 wp-block-columns-is-layout-flex\">\n<div class=\"wp-block-column is-layout-flow wp-block-column-is-layout-flow\">\n<h3 class=\"has-text-align-center wp-block-heading\">Pubblicazioni su altri BLOG<\/h3>\n\n\n\n<p>In questa sezione riporto l&#8217;elenco delle pubblicazioni che sono state realizzate in collaborazione con altri Blog o aziende.<\/p>\n\n\n\n<h4 class=\"wp-block-heading\"><a href=\"https:\/\/mraddon.blog\/\" target=\"_blank\" rel=\"noreferrer noopener\">MrAddon Blog site<\/a><\/h4>\n\n\n\n<h4 class=\"wp-block-heading\"><a rel=\"noreferrer noopener\" href=\"https:\/\/blog.deiser.com\/en\/jira-project-reporting-academy-1-setting-up-the-flow-of-data-from-profields-to-eazybi\" target=\"_blank\">Jira project report academy &#8211; #1<\/a><\/h4>\n\n\n\n<h4 class=\"wp-block-heading\"><a rel=\"noreferrer noopener\" href=\"https:\/\/blog.deiser.com\/en\/jira-projects-reporting-academy-2-how-to-create-a-chart-in-jira\" target=\"_blank\">Jira project report academy &#8211; #2<\/a><\/h4>\n\n\n\n<h4 class=\"wp-block-heading\"><a rel=\"noreferrer noopener\" href=\"https:\/\/blog.deiser.com\/en\/jira-project-reporting-academy-3-how-to-create-portfolio-gantt-charts\" target=\"_blank\">Jira project report academy &#8211; #3<\/a><\/h4>\n\n\n\n<h4 class=\"wp-block-heading\"><a rel=\"noreferrer noopener\" href=\"https:\/\/blog.deiser.com\/en\/jira-project-reporting-academy-4-how-to-create-a-project-dashboard\" target=\"_blank\">Jira project report academy &#8211; #4<\/a><\/h4>\n\n\n\n<h4 class=\"wp-block-heading\"><a href=\"https:\/\/www.apwide.com\/how-to-split-your-jira-attachments-in-custom-fields\/\" target=\"_blank\" rel=\"noreferrer noopener\">ApWide  &#8211;  How to Split your Jira Attachments in Custom Fields<\/a><\/h4>\n\n\n\n<hr class=\"wp-block-separator is-style-wide\"\/>\n<\/div>\n\n\n\n<div class=\"wp-block-column is-layout-flow wp-block-column-is-layout-flow\">\n<h3 class=\"has-text-align-center wp-block-heading\">Libri Pubblicati<\/h3>\n\n\n\n<figure class=\"wp-block-embed is-type-rich is-provider-amazon wp-block-embed-amazon\"><div class=\"wp-block-embed__wrapper\">\n<iframe loading=\"lazy\" title=\"JQL Per tutti: Introduzione al linguaggio di interrogazione per Jira\" type=\"text\/html\" width=\"750\" height=\"550\" frameborder=\"0\" allowfullscreen style=\"max-width:100%\" src=\"https:\/\/leggi.amazon.it\/kp\/card?preview=inline&#038;linkCode=kpd&#038;ref_=k4w_oembed_uUHl0BRkEZbuma&#038;asin=B07GT5KGGH&#038;tag=kpembed-20\"><\/iframe>\n<\/div><\/figure>\n\n\n\n<hr class=\"wp-block-separator is-style-wide\"\/>\n\n\n\n<h5 class=\"wp-block-heading\"><a rel=\"noreferrer noopener\" href=\"http:\/\/www.artigianodelsoftware.it\/atlassian\/assetdoc-it.pdf\" target=\"_blank\">Traduzione in Italiano<\/a> del libro Atlassian di Dan Radigan, che descrive come gi\u00e0 dal 2015 la Atlassian stessa sfruttava al meglio le potenzialit\u00e0 dei loro prodotti quali Jira, Jira service Desk (adesso si chiama Jira Service Management) per realizzare un Asset Management.<\/h5>\n\n\n\n<div class=\"wp-block-image\"><figure class=\"aligncenter is-resized\"><img loading=\"lazy\" decoding=\"async\" src=\"http:\/\/artigianodelsoftware.it\/images\/libro01.png\" alt=\" \" width=\"334\" height=\"249\"\/><\/figure><\/div>\n<\/div>\n<\/div>\n\n\n\n<hr class=\"wp-block-separator is-style-wide\"\/>\n","protected":false},"excerpt":{"rendered":"<p>Servizi offerti da Artigiano Del Software Silver Partner Atlassian Servizi di consulenza Corsi &amp; Training Le partnership stipulate Servizi su Database Linux Ubuntu Statistiche Artigiane Blog &amp; pubblicazioni Dal 2013 ho creato un BLOG, dedicato prevalentemente ai prodotti della Atlassian.<\/p>\n","protected":false},"author":1,"featured_media":0,"parent":0,"menu_order":0,"comment_status":"closed","ping_status":"closed","template":"","meta":{"footnotes":""},"class_list":["post-37","page","type-page","status-publish","hentry"],"_links":{"self":[{"href":"https:\/\/artigianodelsoftware.it\/sito\/wp-json\/wp\/v2\/pages\/37","targetHints":{"allow":["GET"]}}],"collection":[{"href":"https:\/\/artigianodelsoftware.it\/sito\/wp-json\/wp\/v2\/pages"}],"about":[{"href":"https:\/\/artigianodelsoftware.it\/sito\/wp-json\/wp\/v2\/types\/page"}],"author":[{"embeddable":true,"href":"https:\/\/artigianodelsoftware.it\/sito\/wp-json\/wp\/v2\/users\/1"}],"replies":[{"embeddable":true,"href":"https:\/\/artigianodelsoftware.it\/sito\/wp-json\/wp\/v2\/comments?post=37"}],"version-history":[{"count":23,"href":"https:\/\/artigianodelsoftware.it\/sito\/wp-json\/wp\/v2\/pages\/37\/revisions"}],"predecessor-version":[{"id":301,"href":"https:\/\/artigianodelsoftware.it\/sito\/wp-json\/wp\/v2\/pages\/37\/revisions\/301"}],"wp:attachment":[{"href":"https:\/\/artigianodelsoftware.it\/sito\/wp-json\/wp\/v2\/media?parent=37"}],"curies":[{"name":"wp","href":"https:\/\/api.w.org\/{rel}","templated":true}]}}