{"id":440,"date":"2023-04-09T16:27:32","date_gmt":"2023-04-09T14:27:32","guid":{"rendered":"https:\/\/artigianodelsoftware.it\/sito\/?page_id=440"},"modified":"2023-04-09T16:27:33","modified_gmt":"2023-04-09T14:27:33","slug":"meetical","status":"publish","type":"page","link":"https:\/\/artigianodelsoftware.it\/sito\/meetical\/","title":{"rendered":"Meetical"},"content":{"rendered":"\n<hr class=\"wp-block-separator has-alpha-channel-opacity is-style-wide\"\/>\n\n\n\n<div class=\"wp-block-columns is-layout-flex wp-container-core-columns-is-layout-28f84493 wp-block-columns-is-layout-flex\">\n<div class=\"wp-block-column is-layout-flow wp-block-column-is-layout-flow\">\n<figure class=\"wp-block-image size-full\"><img loading=\"lazy\" decoding=\"async\" width=\"473\" height=\"107\" src=\"https:\/\/artigianodelsoftware.it\/sito\/wp-content\/uploads\/2023\/04\/image-25.png\" alt=\"\" class=\"wp-image-441\" srcset=\"https:\/\/artigianodelsoftware.it\/sito\/wp-content\/uploads\/2023\/04\/image-25.png 473w, https:\/\/artigianodelsoftware.it\/sito\/wp-content\/uploads\/2023\/04\/image-25-300x68.png 300w\" sizes=\"auto, (max-width: 473px) 100vw, 473px\" \/><\/figure>\n<\/div>\n\n\n\n<div class=\"wp-block-column is-layout-flow wp-block-column-is-layout-flow\">\n<p class=\"has-text-align-center\"><strong>Nato da una idea, Meetcal si \u00e8 subito contraddistinto durante il 2020 grazie anche al <a rel=\"noreferrer noopener\" href=\"https:\/\/www.linkedin.com\/posts\/lukasgotter_this-news-is-huge-meetical-just-won-activity-6694315074183548929-0M5q\/\" target=\"_blank\">brillante risultato raggiunto<\/a>: Meetical si \u00e8 subito dimostrato un addon indispensabile nella gestione dei verbali di riunioni ma non solo: integrazione con il calendario, Template di pagine pronte all&#8217;uso, semplicit\u00e0 e rapidit\u00e0. Grazie a questo si \u00e8 subito imposta nell&#8217;ecosistema Atlassian<\/strong>:<\/p>\n<\/div>\n<\/div>\n\n\n\n<hr class=\"wp-block-separator has-alpha-channel-opacity is-style-wide\"\/>\n\n\n\n<blockquote class=\"wp-block-quote is-layout-flow wp-block-quote-is-layout-flow\">\n<h2 class=\"wp-block-heading\">Precisione e Creativit\u00e0. Sono queste le due parole che permettono di riassumere cosa \u00e8 Meetical. Fin dal primo addon prodotto, hanno subito mostrato le qualit\u00e0 e le capacit\u00e0 che li hanno sempre contraddistinto. <\/h2>\n<\/blockquote>\n\n\n\n<hr class=\"wp-block-separator has-alpha-channel-opacity is-style-wide\"\/>\n\n\n\n<h2 class=\"wp-block-heading has-text-align-center\">I protagonisti<\/h2>\n\n\n\n<div class=\"wp-block-columns is-layout-flex wp-container-core-columns-is-layout-28f84493 wp-block-columns-is-layout-flex\">\n<div class=\"wp-block-column is-layout-flow wp-block-column-is-layout-flow\">\n<figure class=\"wp-block-image aligncenter\"><img decoding=\"async\" src=\"https:\/\/media.licdn.com\/dms\/image\/C4D03AQGjCbR_QUXyFw\/profile-displayphoto-shrink_800_800\/0\/1517266414395?e=1686787200&amp;v=beta&amp;t=KqZN-TZ7w7j6_A0xLWMo2ToG4B4TRVDBJg50gkw8uX0\" alt=\"Foto del profilo di Lukas Gotter\"\/><figcaption class=\"wp-element-caption\">Lukas Gotter<\/figcaption><\/figure>\n<\/div>\n\n\n\n<div class=\"wp-block-column is-layout-flow wp-block-column-is-layout-flow\"><\/div>\n<\/div>\n","protected":false},"excerpt":{"rendered":"<p>Nato da una idea, Meetcal si \u00e8 subito contraddistinto durante il 2020 grazie anche al brillante risultato raggiunto: Meetical si \u00e8 subito dimostrato un addon indispensabile nella gestione dei verbali di riunioni ma non solo: integrazione con il calendario, Template<\/p>\n","protected":false},"author":1,"featured_media":0,"parent":0,"menu_order":0,"comment_status":"closed","ping_status":"closed","template":"","meta":{"footnotes":""},"class_list":["post-440","page","type-page","status-publish","hentry"],"_links":{"self":[{"href":"https:\/\/artigianodelsoftware.it\/sito\/wp-json\/wp\/v2\/pages\/440","targetHints":{"allow":["GET"]}}],"collection":[{"href":"https:\/\/artigianodelsoftware.it\/sito\/wp-json\/wp\/v2\/pages"}],"about":[{"href":"https:\/\/artigianodelsoftware.it\/sito\/wp-json\/wp\/v2\/types\/page"}],"author":[{"embeddable":true,"href":"https:\/\/artigianodelsoftware.it\/sito\/wp-json\/wp\/v2\/users\/1"}],"replies":[{"embeddable":true,"href":"https:\/\/artigianodelsoftware.it\/sito\/wp-json\/wp\/v2\/comments?post=440"}],"version-history":[{"count":1,"href":"https:\/\/artigianodelsoftware.it\/sito\/wp-json\/wp\/v2\/pages\/440\/revisions"}],"predecessor-version":[{"id":442,"href":"https:\/\/artigianodelsoftware.it\/sito\/wp-json\/wp\/v2\/pages\/440\/revisions\/442"}],"wp:attachment":[{"href":"https:\/\/artigianodelsoftware.it\/sito\/wp-json\/wp\/v2\/media?parent=440"}],"curies":[{"name":"wp","href":"https:\/\/api.w.org\/{rel}","templated":true}]}}