{"id":453,"date":"2023-08-29T19:35:38","date_gmt":"2023-08-29T17:35:38","guid":{"rendered":"https:\/\/artigianodelsoftware.it\/sito\/?page_id=453"},"modified":"2023-08-29T19:35:39","modified_gmt":"2023-08-29T17:35:39","slug":"everit","status":"publish","type":"page","link":"https:\/\/artigianodelsoftware.it\/sito\/everit\/","title":{"rendered":"EverIT"},"content":{"rendered":"\n<hr class=\"wp-block-separator has-alpha-channel-opacity is-style-wide\"\/>\n\n\n\n<div class=\"wp-block-columns is-layout-flex wp-container-core-columns-is-layout-28f84493 wp-block-columns-is-layout-flex\">\n<div class=\"wp-block-column is-layout-flow wp-block-column-is-layout-flow\">\n<figure class=\"wp-block-image aligncenter size-full\"><a href=\"https:\/\/www.everit.biz\/\" target=\"_blank\" rel=\"noreferrer noopener\"><img loading=\"lazy\" decoding=\"async\" width=\"408\" height=\"100\" src=\"https:\/\/artigianodelsoftware.it\/sito\/wp-content\/uploads\/2023\/08\/image-1.png\" alt=\"\" class=\"wp-image-455\" srcset=\"https:\/\/artigianodelsoftware.it\/sito\/wp-content\/uploads\/2023\/08\/image-1.png 408w, https:\/\/artigianodelsoftware.it\/sito\/wp-content\/uploads\/2023\/08\/image-1-300x74.png 300w\" sizes=\"auto, (max-width: 408px) 100vw, 408px\" \/><\/a><\/figure>\n<\/div>\n\n\n\n<div class=\"wp-block-column is-layout-flow wp-block-column-is-layout-flow\">\n<p class=\"has-text-align-center\"><strong>Nata nel 2008, EverIT ha conseguito una evoluzione continua che ha portato alla creazione di addon per Jira eccezionali<\/strong>.<\/p>\n\n\n\n<p><\/p>\n<\/div>\n<\/div>\n\n\n\n<hr class=\"wp-block-separator has-alpha-channel-opacity is-style-wide\"\/>\n\n\n\n<blockquote class=\"wp-block-quote is-layout-flow wp-block-quote-is-layout-flow\">\n<h2 class=\"wp-block-heading\">What EverIT has put into the creation of TimeTracker is truly unique, creating an addon that allows for advanced functionality, without departing an inch from standard procedures<\/h2>\n\n\n\n<h2 class=\"wp-block-heading\">Ci\u00f2 che la EverIT ha profuso nella creazione di TimeTracker \u00e8 veramente unico, creando un addon che permette di avere delle funzionalit\u00e0 avanzate, senza staccarsi di un millimetro dalle procedure standard<\/h2>\n<\/blockquote>\n\n\n\n<h2 class=\"wp-block-heading has-text-align-center\">I protagonisti<\/h2>\n\n\n\n<figure class=\"wp-block-image aligncenter size-large\"><img loading=\"lazy\" decoding=\"async\" width=\"1024\" height=\"656\" src=\"https:\/\/artigianodelsoftware.it\/sito\/wp-content\/uploads\/2023\/08\/image-1024x656.png\" alt=\"\" class=\"wp-image-454\" srcset=\"https:\/\/artigianodelsoftware.it\/sito\/wp-content\/uploads\/2023\/08\/image-1024x656.png 1024w, https:\/\/artigianodelsoftware.it\/sito\/wp-content\/uploads\/2023\/08\/image-300x192.png 300w, https:\/\/artigianodelsoftware.it\/sito\/wp-content\/uploads\/2023\/08\/image-768x492.png 768w, https:\/\/artigianodelsoftware.it\/sito\/wp-content\/uploads\/2023\/08\/image-1536x984.png 1536w, https:\/\/artigianodelsoftware.it\/sito\/wp-content\/uploads\/2023\/08\/image-2048x1312.png 2048w\" sizes=\"auto, (max-width: 1024px) 100vw, 1024px\" \/><\/figure>\n\n\n\n<h2 class=\"wp-block-heading has-text-align-center\">Gli addon principali<\/h2>\n\n\n\n<div class=\"wp-block-columns is-layout-flex wp-container-core-columns-is-layout-28f84493 wp-block-columns-is-layout-flex\">\n<div class=\"wp-block-column is-layout-flow wp-block-column-is-layout-flow\">\n<figure class=\"wp-block-image aligncenter size-large\"><a href=\"https:\/\/marketplace.atlassian.com\/apps\/1211243\/timetracker-time-tracking-reporting-for-jira?hosting=server&amp;tab=overview\" target=\"_blank\" rel=\"noreferrer noopener\"><img loading=\"lazy\" decoding=\"async\" width=\"1024\" height=\"262\" src=\"https:\/\/artigianodelsoftware.it\/sito\/wp-content\/uploads\/2023\/08\/Screenshot-2023-08-29-at-19.30.49-1024x262.png\" alt=\"\" class=\"wp-image-456\" srcset=\"https:\/\/artigianodelsoftware.it\/sito\/wp-content\/uploads\/2023\/08\/Screenshot-2023-08-29-at-19.30.49-1024x262.png 1024w, https:\/\/artigianodelsoftware.it\/sito\/wp-content\/uploads\/2023\/08\/Screenshot-2023-08-29-at-19.30.49-300x77.png 300w, https:\/\/artigianodelsoftware.it\/sito\/wp-content\/uploads\/2023\/08\/Screenshot-2023-08-29-at-19.30.49-768x196.png 768w, https:\/\/artigianodelsoftware.it\/sito\/wp-content\/uploads\/2023\/08\/Screenshot-2023-08-29-at-19.30.49.png 1432w\" sizes=\"auto, (max-width: 1024px) 100vw, 1024px\" \/><\/a><\/figure>\n<\/div>\n\n\n\n<div class=\"wp-block-column is-layout-flow wp-block-column-is-layout-flow\">\n<figure class=\"wp-block-image aligncenter size-large\"><a href=\"https:\/\/marketplace.atlassian.com\/apps\/1220785\/epic-roadmap-for-jira-software?hosting=datacenter&amp;tab=overview\" target=\"_blank\" rel=\"noreferrer noopener\"><img loading=\"lazy\" decoding=\"async\" width=\"1024\" height=\"345\" src=\"https:\/\/artigianodelsoftware.it\/sito\/wp-content\/uploads\/2023\/08\/Screenshot-2023-08-29-at-19.31.05-1024x345.png\" alt=\"\" class=\"wp-image-457\" srcset=\"https:\/\/artigianodelsoftware.it\/sito\/wp-content\/uploads\/2023\/08\/Screenshot-2023-08-29-at-19.31.05-1024x345.png 1024w, https:\/\/artigianodelsoftware.it\/sito\/wp-content\/uploads\/2023\/08\/Screenshot-2023-08-29-at-19.31.05-300x101.png 300w, https:\/\/artigianodelsoftware.it\/sito\/wp-content\/uploads\/2023\/08\/Screenshot-2023-08-29-at-19.31.05-768x259.png 768w, https:\/\/artigianodelsoftware.it\/sito\/wp-content\/uploads\/2023\/08\/Screenshot-2023-08-29-at-19.31.05.png 1176w\" sizes=\"auto, (max-width: 1024px) 100vw, 1024px\" \/><\/a><\/figure>\n<\/div>\n<\/div>\n\n\n\n<p>Sono solo due degli addon che la EverIT ha prodotto, ma il primo \u00e8 sicuramente uno dei migliori addon per tracciare il proprio Worklog su Jira, senza stravolgere lo standard.<\/p>\n\n\n\n<p><\/p>\n","protected":false},"excerpt":{"rendered":"<p>Nata nel 2008, EverIT ha conseguito una evoluzione continua che ha portato alla creazione di addon per Jira eccezionali. What EverIT has put into the creation of TimeTracker is truly unique, creating an addon that allows for advanced functionality, without<\/p>\n","protected":false},"author":1,"featured_media":0,"parent":0,"menu_order":0,"comment_status":"closed","ping_status":"closed","template":"","meta":{"footnotes":""},"class_list":["post-453","page","type-page","status-publish","hentry"],"_links":{"self":[{"href":"https:\/\/artigianodelsoftware.it\/sito\/wp-json\/wp\/v2\/pages\/453","targetHints":{"allow":["GET"]}}],"collection":[{"href":"https:\/\/artigianodelsoftware.it\/sito\/wp-json\/wp\/v2\/pages"}],"about":[{"href":"https:\/\/artigianodelsoftware.it\/sito\/wp-json\/wp\/v2\/types\/page"}],"author":[{"embeddable":true,"href":"https:\/\/artigianodelsoftware.it\/sito\/wp-json\/wp\/v2\/users\/1"}],"replies":[{"embeddable":true,"href":"https:\/\/artigianodelsoftware.it\/sito\/wp-json\/wp\/v2\/comments?post=453"}],"version-history":[{"count":1,"href":"https:\/\/artigianodelsoftware.it\/sito\/wp-json\/wp\/v2\/pages\/453\/revisions"}],"predecessor-version":[{"id":458,"href":"https:\/\/artigianodelsoftware.it\/sito\/wp-json\/wp\/v2\/pages\/453\/revisions\/458"}],"wp:attachment":[{"href":"https:\/\/artigianodelsoftware.it\/sito\/wp-json\/wp\/v2\/media?parent=453"}],"curies":[{"name":"wp","href":"https:\/\/api.w.org\/{rel}","templated":true}]}}